{"id":156,"date":"2024-06-28T16:33:46","date_gmt":"2024-06-28T15:33:46","guid":{"rendered":"https:\/\/hcme.gouv.ne\/?page_id=156"},"modified":"2024-06-28T16:34:12","modified_gmt":"2024-06-28T15:34:12","slug":"publireportages","status":"publish","type":"page","link":"https:\/\/hcme.gouv.ne\/index.php\/publireportages\/","title":{"rendered":"Publireportages"},"content":{"rendered":"\n<div class=\"wp-block-columns is-layout-flex wp-container-core-columns-is-layout-1 wp-block-columns-is-layout-flex\">\n<div class=\"wp-block-column is-layout-flow wp-block-column-is-layout-flow\" style=\"flex-basis:66.66%\">\n<p><strong>La vid\u00e9o ci-dessous une liste de lecture \u00e0 partir de laquelle vous pouvez s\u00e9lectionner le publireportage dont vous souhaitez connaitre le contenu. Cliquez sur le boutton ci-contre pour voir la liste.<\/strong><\/p>\n<\/div>\n\n\n\n<div class=\"wp-block-column is-layout-flow wp-block-column-is-layout-flow\" style=\"flex-basis:33.33%\"><div class=\"wp-block-image\">\n<figure class=\"alignright size-full is-resized\"><img loading=\"lazy\" decoding=\"async\" width=\"640\" height=\"640\" src=\"https:\/\/hcme.gouv.ne\/wp-content\/uploads\/2024\/06\/fleche.jpg\" alt=\"\" class=\"wp-image-106\" style=\"width:94px;height:auto\" srcset=\"https:\/\/hcme.gouv.ne\/wp-content\/uploads\/2024\/06\/fleche.jpg 640w, https:\/\/hcme.gouv.ne\/wp-content\/uploads\/2024\/06\/fleche-300x300.jpg 300w, https:\/\/hcme.gouv.ne\/wp-content\/uploads\/2024\/06\/fleche-150x150.jpg 150w\" sizes=\"(max-width: 640px) 100vw, 640px\" \/><\/figure><\/div><\/div>\n<\/div>\n\n\n\n<figure class=\"wp-block-embed is-type-video is-provider-youtube wp-block-embed-youtube wp-embed-aspect-4-3 wp-has-aspect-ratio\"><div class=\"wp-block-embed__wrapper\">\n<div class=\"epyt-video-wrapper\"><iframe loading=\"lazy\"  id=\"_ytid_45867\"  width=\"1170\" height=\"658\"  data-origwidth=\"1170\" data-origheight=\"658\" src=\"https:\/\/www.youtube.com\/embed\/-9krfuY-ZT8?enablejsapi=1&#038;list=PLuewUHX1EWPxpei4g5VL_CeFVZMysMv6d&#038;autoplay=0&#038;cc_load_policy=0&#038;iv_load_policy=1&#038;loop=0&#038;modestbranding=0&#038;fs=1&#038;playsinline=0&#038;controls=1&#038;color=red&#038;cc_lang_pref=&#038;rel=1&#038;autohide=2&#038;theme=dark&#038;\" class=\"__youtube_prefs__  epyt-is-override  no-lazyload\" title=\"YouTube player\"  allow=\"fullscreen; accelerometer; autoplay; clipboard-write; encrypted-media; gyroscope; picture-in-picture\" allowfullscreen data-no-lazy=\"1\" data-skipgform_ajax_framebjll=\"\"><\/iframe><\/div>\n<\/div><\/figure>\n","protected":false},"excerpt":{"rendered":"<p>La vid\u00e9o ci-dessous une liste de lecture \u00e0 partir de laquelle vous pouvez s\u00e9lectionner le publireportage dont vous souhaitez connaitre le contenu. Cliquez sur le boutton ci-contre pour voir la&hellip; <\/p>\n","protected":false},"author":1,"featured_media":0,"parent":0,"menu_order":0,"comment_status":"closed","ping_status":"closed","template":"","meta":{"ngg_post_thumbnail":0,"footnotes":""},"jetpack_sharing_enabled":true,"_links":{"self":[{"href":"https:\/\/hcme.gouv.ne\/index.php\/wp-json\/wp\/v2\/pages\/156"}],"collection":[{"href":"https:\/\/hcme.gouv.ne\/index.php\/wp-json\/wp\/v2\/pages"}],"about":[{"href":"https:\/\/hcme.gouv.ne\/index.php\/wp-json\/wp\/v2\/types\/page"}],"author":[{"embeddable":true,"href":"https:\/\/hcme.gouv.ne\/index.php\/wp-json\/wp\/v2\/users\/1"}],"replies":[{"embeddable":true,"href":"https:\/\/hcme.gouv.ne\/index.php\/wp-json\/wp\/v2\/comments?post=156"}],"version-history":[{"count":2,"href":"https:\/\/hcme.gouv.ne\/index.php\/wp-json\/wp\/v2\/pages\/156\/revisions"}],"predecessor-version":[{"id":158,"href":"https:\/\/hcme.gouv.ne\/index.php\/wp-json\/wp\/v2\/pages\/156\/revisions\/158"}],"wp:attachment":[{"href":"https:\/\/hcme.gouv.ne\/index.php\/wp-json\/wp\/v2\/media?parent=156"}],"curies":[{"name":"wp","href":"https:\/\/api.w.org\/{rel}","templated":true}]}}