{"id":194,"date":"2024-06-28T18:31:27","date_gmt":"2024-06-28T17:31:27","guid":{"rendered":"https:\/\/hcme.gouv.ne\/?page_id=194"},"modified":"2024-07-04T17:31:53","modified_gmt":"2024-07-04T16:31:53","slug":"lequipe-du-hcme","status":"publish","type":"page","link":"https:\/\/hcme.gouv.ne\/index.php\/lequipe-du-hcme\/","title":{"rendered":"L&rsquo;Equipe du HCME"},"content":{"rendered":"\n<p>Le Haut Commissariat \u00e0 la Modernisation de l\u2019Etat compte vingt-deux (22)&nbsp; agents dont douze (12) cadres sup\u00e9rieurs, sept (07) contractuels et trois (03) auxiliaires. <\/p>\n\n\n\n<p>Il est dirig\u00e9 par un<strong> Haut Commissaire <\/strong>et comprend&nbsp;:<\/p>\n\n\n\n<ul>\n<li>le <strong>Cabinet<\/strong> compos\u00e9 d\u2019un Chef de Cabinet et des Conseillers Techniques&nbsp;;<\/li>\n\n\n\n<li>le <strong>Secr\u00e9tariat G\u00e9n\u00e9ral<\/strong>&nbsp;(Quatre (04) d\u00e9partements et une (01) direction d\u2019appui dirig\u00e9s par des Directeurs que sont) :\n<ul>\n<li><strong style=\"color: initial;\">le D\u00e9partement du D\u00e9veloppement Institutionnel (DDI)<\/strong>;<\/li>\n\n\n\n<li><span style=\"color: initial;\"><strong>le D\u00e9partement de la D\u00e9centralisation et de la D\u00e9concentration Administrative (DDDA)&nbsp;;<\/strong><\/span><\/li>\n\n\n\n<li><span style=\"color: initial;\"><strong>le D\u00e9partement de la Formation et du Renforcement des Capacit\u00e9s (DFRC)&nbsp;;<\/strong><\/span><\/li>\n\n\n\n<li><span style=\"color: initial;\"><strong>le D\u00e9partement de l\u2019Information Publique et des Proc\u00e9dures Administratives (DIPPA)&nbsp;;<\/strong><\/span><\/li>\n\n\n\n<li><strong>la Direction des Affaires Administratives et Financi\u00e8res.<\/strong><\/li>\n<\/ul>\n<\/li>\n<\/ul>\n\n\n<div class=\"wp-block-image\">\n<figure class=\"aligncenter size-full\"><img loading=\"lazy\" decoding=\"async\" width=\"719\" height=\"480\" src=\"https:\/\/hcme.gouv.ne\/wp-content\/uploads\/2024\/06\/Photo-de-famille-HCME-2.jpg\" alt=\"Photo de famille HCME (2)\" class=\"wp-image-197\" srcset=\"https:\/\/hcme.gouv.ne\/wp-content\/uploads\/2024\/06\/Photo-de-famille-HCME-2.jpg 719w, https:\/\/hcme.gouv.ne\/wp-content\/uploads\/2024\/06\/Photo-de-famille-HCME-2-300x200.jpg 300w\" sizes=\"(max-width: 719px) 100vw, 719px\" \/><figcaption class=\"wp-element-caption\"><strong>Photo de famille de l&rsquo;\u00e9quipe du HCME (Octobre 2021)<\/strong><\/figcaption><\/figure><\/div>","protected":false},"excerpt":{"rendered":"<p>Le Haut Commissariat \u00e0 la Modernisation de l\u2019Etat compte vingt-deux (22)&nbsp; agents dont douze (12) cadres sup\u00e9rieurs, sept (07) contractuels et trois (03) auxiliaires. Il est dirig\u00e9 par un Haut&hellip; <\/p>\n","protected":false},"author":1,"featured_media":0,"parent":0,"menu_order":0,"comment_status":"closed","ping_status":"closed","template":"","meta":{"ngg_post_thumbnail":0,"footnotes":""},"jetpack_sharing_enabled":true,"_links":{"self":[{"href":"https:\/\/hcme.gouv.ne\/index.php\/wp-json\/wp\/v2\/pages\/194"}],"collection":[{"href":"https:\/\/hcme.gouv.ne\/index.php\/wp-json\/wp\/v2\/pages"}],"about":[{"href":"https:\/\/hcme.gouv.ne\/index.php\/wp-json\/wp\/v2\/types\/page"}],"author":[{"embeddable":true,"href":"https:\/\/hcme.gouv.ne\/index.php\/wp-json\/wp\/v2\/users\/1"}],"replies":[{"embeddable":true,"href":"https:\/\/hcme.gouv.ne\/index.php\/wp-json\/wp\/v2\/comments?post=194"}],"version-history":[{"count":5,"href":"https:\/\/hcme.gouv.ne\/index.php\/wp-json\/wp\/v2\/pages\/194\/revisions"}],"predecessor-version":[{"id":315,"href":"https:\/\/hcme.gouv.ne\/index.php\/wp-json\/wp\/v2\/pages\/194\/revisions\/315"}],"wp:attachment":[{"href":"https:\/\/hcme.gouv.ne\/index.php\/wp-json\/wp\/v2\/media?parent=194"}],"curies":[{"name":"wp","href":"https:\/\/api.w.org\/{rel}","templated":true}]}}